{"id":506,"date":"2025-05-03T12:56:10","date_gmt":"2025-05-03T10:56:10","guid":{"rendered":"https:\/\/sociedadcientificasanitaria.org\/tendencias-de-enfermeria\/?page_id=506"},"modified":"2025-05-03T12:57:44","modified_gmt":"2025-05-03T10:57:44","slug":"aviso-legal","status":"publish","type":"page","link":"https:\/\/sociedadcientificasanitaria.org\/tendencias-de-enfermeria\/aviso-legal\/","title":{"rendered":"Aviso Legal"},"content":{"rendered":"<p>[et_pb_section fb_built=\u00bb1&#8243; _builder_version=\u00bb4.25.2&#8243; _module_preset=\u00bbdefault\u00bb use_background_color_gradient=\u00bbon\u00bb background_color_gradient_direction=\u00bb90deg\u00bb background_color_gradient_stops=\u00bb#84bc48 0%|rgba(132,188,72,0.43) 100%\u00bb custom_padding=\u00bb||4px|||\u00bb global_colors_info=\u00bb{}\u00bb global_module=\u00bb163&#8243; theme_builder_area=\u00bbpost_content\u00bb][et_pb_row _builder_version=\u00bb4.25.2&#8243; _module_preset=\u00bbdefault\u00bb custom_margin=\u00bb-4px|auto||auto||\u00bb custom_padding=\u00bb19px||99px|||\u00bb global_colors_info=\u00bb{}\u00bb theme_builder_area=\u00bbpost_content\u00bb][et_pb_column type=\u00bb4_4&#8243; _builder_version=\u00bb4.25.2&#8243; _module_preset=\u00bbdefault\u00bb global_colors_info=\u00bb{}\u00bb theme_builder_area=\u00bbpost_content\u00bb][et_pb_text _builder_version=\u00bb4.25.2&#8243; _module_preset=\u00bbdefault\u00bb header_font=\u00bb|600||on|||||\u00bb header_text_align=\u00bbcenter\u00bb header_font_size=\u00bb52px\u00bb global_colors_info=\u00bb{}\u00bb theme_builder_area=\u00bbpost_content\u00bb][\/et_pb_text][et_pb_post_title meta=\u00bboff\u00bb featured_image=\u00bboff\u00bb _builder_version=\u00bb4.25.2&#8243; _module_preset=\u00bbdefault\u00bb title_font=\u00bb|600||on|||||\u00bb title_text_align=\u00bbcenter\u00bb title_font_size=\u00bb52px\u00bb global_colors_info=\u00bb{}\u00bb theme_builder_area=\u00bbpost_content\u00bb][\/et_pb_post_title][\/et_pb_column][\/et_pb_row][\/et_pb_section][et_pb_section fb_built=\u00bb1&#8243; theme_builder_area=\u00bbpost_content\u00bb _builder_version=\u00bb4.25.2&#8243; _module_preset=\u00bbdefault\u00bb][et_pb_row _builder_version=\u00bb4.25.2&#8243; _module_preset=\u00bbdefault\u00bb theme_builder_area=\u00bbpost_content\u00bb][et_pb_column _builder_version=\u00bb4.25.2&#8243; _module_preset=\u00bbdefault\u00bb type=\u00bb4_4&#8243; theme_builder_area=\u00bbpost_content\u00bb][et_pb_text _builder_version=\u00bb4.25.2&#8243; _module_preset=\u00bbdefault\u00bb theme_builder_area=\u00bbpost_content\u00bb hover_enabled=\u00bb0&#8243; sticky_enabled=\u00bb0&#8243;]<\/p>\n<p>&nbsp;<\/p>\n<p>Sociedad Cient\u00edfica Sanitaria Europea para la Investigaci\u00f3n, Divulgaci\u00f3n, Solidaridad y Formaci\u00f3n (en adelante SOCISAEU-IDSF) provista con NIF G70862909, direcci\u00f3n CALLE PEDRO GARC\u00cdA VILLALBA, 29, 2\u00baC 30150 LA ALBERCA, MURCIA (ESPA\u00d1A), no puede asumir ninguna responsabilidad derivada del uso incorrecto, inapropiado o il\u00edcito de la informaci\u00f3n aparecida en la p\u00e1gina de Internet de SOCISAEU-IDSF.<\/p>\n<p>Con los l\u00edmites establecidos en la ley, SOCISAEU-IDSF no asume ninguna responsabilidad derivada de la falta de veracidad, integridad, actualizaci\u00f3n y precisi\u00f3n de los datos o informaciones que se contienen en sus p\u00e1ginas de Internet.<\/p>\n<p>Los contenidos e informaci\u00f3n no vinculan a SOCISAEU-IDSF ni constituyen opiniones, consejos o asesoramiento legal de ning\u00fan tipo pues se trata meramente de un servicio ofrecido con car\u00e1cter informativo y divulgativo.<\/p>\n<p>La p\u00e1gina de Internet de SOCISAEU-IDSF puede contener enlaces (links) a otras p\u00e1ginas de terceras partes que SOCISAEU-IDSF no puede controlar. Por lo tanto, SOCISAEU-IDSF no puede asumir responsabilidades por el contenido que pueda aparecer en p\u00e1ginas de terceros.<\/p>\n<p>Los textos, im\u00e1genes, sonidos, animaciones, software y el resto de contenidos incluidos en este website son propiedad exclusiva de SOCISAEU-IDSF o sus licenciantes. Cualquier acto de transmisi\u00f3n, distribuci\u00f3n, cesi\u00f3n, reproducci\u00f3n, almacenamiento o comunicaci\u00f3n p\u00fablica total o parcial, debe contar con el consentimiento expreso de SOCISAEU-IDSF.<\/p>\n<p>Asimismo, para acceder a algunos de los servicios que SOCISAEU-IDSF ofrece a trav\u00e9s del website deber\u00e1 proporcionar algunos datos de car\u00e1cter personal. En cumplimiento de lo establecido en el Reglamento (UE) 2016\/679 del Parlamento Europeo y del Consejo, de 27 de abril de 2016, relativo a la protecci\u00f3n de las personas f\u00edsicas en lo que respecta al tratamiento de datos personales y a la libre circulaci\u00f3n de estos datos le informamos que, mediante la cumplimentaci\u00f3n de los presentes formularios, sus datos personales quedar\u00e1n incorporados y ser\u00e1n tratados en los ficheros de SOCISAEU-IDSF con el fin de poderle prestar y ofrecer nuestros servicios as\u00ed como para informarle de las mejoras del sitio Web. Asimismo, le informamos de la posibilidad de que ejerza los derechos de acceso, rectificaci\u00f3n, cancelaci\u00f3n y oposici\u00f3n de sus datos de car\u00e1cter personal, manera gratuita mediante email a info@sociedadcientificasanitaria.org o en la direcci\u00f3n CALLE PEDRO GARC\u00cdA VILLALBA, 29, 2\u00baC 30150 LA ALBERCA, MURCIA (ESPA\u00d1A).<\/p>\n<p>T\u00e9rminos de uso<\/p>\n<p>Los precios que se indican en la p\u00e1gina web incluyen el impuesto sobre el valor a\u00f1adido (IVA).<\/p>\n<p>Contrataci\u00f3n electr\u00f3nica<\/p>\n<p>La celebraci\u00f3n de contratos entre SOCISAEU-IDSF y los clientes se realizar\u00e1 por correo electr\u00f3nico, info@sociedadcientificasanitaria.org, en el que se establecer\u00e1n las condiciones del servicio contratado y su precio.<\/p>\n<p>Los contratos que se formalicen ser\u00e1n archivados en la cuenta de correo electr\u00f3nico <a href=\"mailto:info@sociedadcientificasanitaria.org\">info@sociedadcientificasanitaria.org<\/a>. El usuario podr\u00e1 acceder a dicho contrato mediante solicitud al correo electr\u00f3nico mencionado. La lengua de los contratos es el espa\u00f1ol.<\/p>\n<p>[\/et_pb_text][\/et_pb_column][\/et_pb_row][\/et_pb_section]<\/p>\n","protected":false},"excerpt":{"rendered":"<p>&nbsp; Sociedad Cient\u00edfica Sanitaria Europea para la Investigaci\u00f3n, Divulgaci\u00f3n, Solidaridad y Formaci\u00f3n (en adelante SOCISAEU-IDSF) provista con NIF G70862909, direcci\u00f3n CALLE PEDRO GARC\u00cdA VILLALBA, 29, 2\u00baC 30150 LA ALBERCA, MURCIA (ESPA\u00d1A), no puede asumir ninguna responsabilidad derivada del uso incorrecto, inapropiado o il\u00edcito de la informaci\u00f3n aparecida en la p\u00e1gina de Internet de SOCISAEU-IDSF. Con [&hellip;]<\/p>\n","protected":false},"author":1,"featured_media":0,"parent":0,"menu_order":0,"comment_status":"closed","ping_status":"closed","template":"","meta":{"_et_pb_use_builder":"on","_et_pb_old_content":"","_et_gb_content_width":"","footnotes":""},"class_list":["post-506","page","type-page","status-publish","hentry"],"_links":{"self":[{"href":"https:\/\/sociedadcientificasanitaria.org\/tendencias-de-enfermeria\/wp-json\/wp\/v2\/pages\/506","targetHints":{"allow":["GET"]}}],"collection":[{"href":"https:\/\/sociedadcientificasanitaria.org\/tendencias-de-enfermeria\/wp-json\/wp\/v2\/pages"}],"about":[{"href":"https:\/\/sociedadcientificasanitaria.org\/tendencias-de-enfermeria\/wp-json\/wp\/v2\/types\/page"}],"author":[{"embeddable":true,"href":"https:\/\/sociedadcientificasanitaria.org\/tendencias-de-enfermeria\/wp-json\/wp\/v2\/users\/1"}],"replies":[{"embeddable":true,"href":"https:\/\/sociedadcientificasanitaria.org\/tendencias-de-enfermeria\/wp-json\/wp\/v2\/comments?post=506"}],"version-history":[{"count":2,"href":"https:\/\/sociedadcientificasanitaria.org\/tendencias-de-enfermeria\/wp-json\/wp\/v2\/pages\/506\/revisions"}],"predecessor-version":[{"id":509,"href":"https:\/\/sociedadcientificasanitaria.org\/tendencias-de-enfermeria\/wp-json\/wp\/v2\/pages\/506\/revisions\/509"}],"wp:attachment":[{"href":"https:\/\/sociedadcientificasanitaria.org\/tendencias-de-enfermeria\/wp-json\/wp\/v2\/media?parent=506"}],"curies":[{"name":"wp","href":"https:\/\/api.w.org\/{rel}","templated":true}]}}