{"id":436,"date":"2025-05-02T17:58:23","date_gmt":"2025-05-02T15:58:23","guid":{"rendered":"https:\/\/sociedadcientificasanitaria.org\/tendencias-de-enfermeria\/?page_id=436"},"modified":"2025-05-02T18:45:01","modified_gmt":"2025-05-02T16:45:01","slug":"quieres-ser-revisor-independiente","status":"publish","type":"page","link":"https:\/\/sociedadcientificasanitaria.org\/tendencias-de-enfermeria\/quieres-ser-revisor-independiente\/","title":{"rendered":"\u00bfQuieres ser revisor independiente?"},"content":{"rendered":"<p>[et_pb_section fb_built=\u00bb1&#8243; _builder_version=\u00bb4.25.2&#8243; _module_preset=\u00bbdefault\u00bb use_background_color_gradient=\u00bbon\u00bb background_color_gradient_direction=\u00bb90deg\u00bb background_color_gradient_stops=\u00bb#84bc48 0%|rgba(132,188,72,0.43) 100%\u00bb custom_padding=\u00bb||4px|||\u00bb global_module=\u00bb163&#8243; global_colors_info=\u00bb{}\u00bb][et_pb_row _builder_version=\u00bb4.25.2&#8243; _module_preset=\u00bbdefault\u00bb custom_margin=\u00bb-4px|auto||auto||\u00bb custom_padding=\u00bb19px||99px|||\u00bb global_colors_info=\u00bb{}\u00bb][et_pb_column type=\u00bb4_4&#8243; _builder_version=\u00bb4.25.2&#8243; _module_preset=\u00bbdefault\u00bb global_colors_info=\u00bb{}\u00bb][et_pb_text _builder_version=\u00bb4.25.2&#8243; _module_preset=\u00bbdefault\u00bb header_font=\u00bb|600||on|||||\u00bb header_text_align=\u00bbcenter\u00bb header_font_size=\u00bb52px\u00bb global_colors_info=\u00bb{}\u00bb][\/et_pb_text][et_pb_post_title meta=\u00bboff\u00bb featured_image=\u00bboff\u00bb _builder_version=\u00bb4.25.2&#8243; _module_preset=\u00bbdefault\u00bb title_font=\u00bb|600||on|||||\u00bb title_text_align=\u00bbcenter\u00bb title_font_size=\u00bb52px\u00bb global_colors_info=\u00bb{}\u00bb][\/et_pb_post_title][\/et_pb_column][\/et_pb_row][\/et_pb_section][et_pb_section fb_built=\u00bb1&#8243; _builder_version=\u00bb4.25.2&#8243; _module_preset=\u00bbdefault\u00bb global_colors_info=\u00bb{}\u00bb][et_pb_row _builder_version=\u00bb4.25.2&#8243; _module_preset=\u00bbdefault\u00bb global_colors_info=\u00bb{}\u00bb][et_pb_column type=\u00bb4_4&#8243; _builder_version=\u00bb4.25.2&#8243; _module_preset=\u00bbdefault\u00bb global_colors_info=\u00bb{}\u00bb][et_pb_text _builder_version=\u00bb4.25.2&#8243; _module_preset=\u00bbdefault\u00bb hover_enabled=\u00bb0&#8243; global_colors_info=\u00bb{}\u00bb sticky_enabled=\u00bb0&#8243;]<\/p>\n<p>La revista ofrece la oportunidad de participar en su proceso de evaluaci\u00f3n por pares como revisor independiente. La colaboraci\u00f3n de expertos en enfermer\u00eda y \u00e1reas afines es fundamental para garantizar la calidad y el rigor cient\u00edfico de los art\u00edculos publicados. Los revisores deben poseer experiencia en investigaci\u00f3n y conocimientos actualizados en su campo de especializaci\u00f3n. Su funci\u00f3n consiste en evaluar de manera objetiva y cr\u00edtica los manuscritos enviados, proporcionando comentarios constructivos para su mejora.<\/p>\n<p>Aquellos interesados en unirse al equipo de revisores pueden enviar su solicitud junto con su curr\u00edculo y \u00e1reas de especializaci\u00f3n al correo electr\u00f3nico de la revista. Se valorar\u00e1 la trayectoria acad\u00e9mica y profesional, as\u00ed como la disponibilidad para realizar revisiones en los plazos establecidos. La contribuci\u00f3n de los revisores es reconocida con un certificado oficial que acredita su labor en el proceso editorial de la revista.<\/p>\n<p><strong>Contacto:<\/strong><\/p>\n<p><a href=\"mailto:revisores@sociedadcientificasanitaria.org\">revisores@sociedadcientificasanitaria.org<\/a><\/p>\n<p>[\/et_pb_text][\/et_pb_column][\/et_pb_row][\/et_pb_section]<\/p>\n","protected":false},"excerpt":{"rendered":"<p>La revista ofrece la oportunidad de participar en su proceso de evaluaci\u00f3n por pares como revisor independiente. La colaboraci\u00f3n de expertos en enfermer\u00eda y \u00e1reas afines es fundamental para garantizar la calidad y el rigor cient\u00edfico de los art\u00edculos publicados. Los revisores deben poseer experiencia en investigaci\u00f3n y conocimientos actualizados en su campo de especializaci\u00f3n. [&hellip;]<\/p>\n","protected":false},"author":1,"featured_media":0,"parent":0,"menu_order":0,"comment_status":"closed","ping_status":"closed","template":"","meta":{"_et_pb_use_builder":"on","_et_pb_old_content":"","_et_gb_content_width":"","footnotes":""},"class_list":["post-436","page","type-page","status-publish","hentry"],"_links":{"self":[{"href":"https:\/\/sociedadcientificasanitaria.org\/tendencias-de-enfermeria\/wp-json\/wp\/v2\/pages\/436","targetHints":{"allow":["GET"]}}],"collection":[{"href":"https:\/\/sociedadcientificasanitaria.org\/tendencias-de-enfermeria\/wp-json\/wp\/v2\/pages"}],"about":[{"href":"https:\/\/sociedadcientificasanitaria.org\/tendencias-de-enfermeria\/wp-json\/wp\/v2\/types\/page"}],"author":[{"embeddable":true,"href":"https:\/\/sociedadcientificasanitaria.org\/tendencias-de-enfermeria\/wp-json\/wp\/v2\/users\/1"}],"replies":[{"embeddable":true,"href":"https:\/\/sociedadcientificasanitaria.org\/tendencias-de-enfermeria\/wp-json\/wp\/v2\/comments?post=436"}],"version-history":[{"count":4,"href":"https:\/\/sociedadcientificasanitaria.org\/tendencias-de-enfermeria\/wp-json\/wp\/v2\/pages\/436\/revisions"}],"predecessor-version":[{"id":480,"href":"https:\/\/sociedadcientificasanitaria.org\/tendencias-de-enfermeria\/wp-json\/wp\/v2\/pages\/436\/revisions\/480"}],"wp:attachment":[{"href":"https:\/\/sociedadcientificasanitaria.org\/tendencias-de-enfermeria\/wp-json\/wp\/v2\/media?parent=436"}],"curies":[{"name":"wp","href":"https:\/\/api.w.org\/{rel}","templated":true}]}}