{"id":432,"date":"2025-05-02T17:56:50","date_gmt":"2025-05-02T15:56:50","guid":{"rendered":"https:\/\/sociedadcientificasanitaria.org\/tendencias-de-enfermeria\/?page_id=432"},"modified":"2025-05-02T17:56:51","modified_gmt":"2025-05-02T15:56:51","slug":"mision-y-valores","status":"publish","type":"page","link":"https:\/\/sociedadcientificasanitaria.org\/tendencias-de-enfermeria\/mision-y-valores\/","title":{"rendered":"Misi\u00f3n y valores"},"content":{"rendered":"<p>[et_pb_section fb_built=\u00bb1&#8243; _builder_version=\u00bb4.25.2&#8243; _module_preset=\u00bbdefault\u00bb use_background_color_gradient=\u00bbon\u00bb background_color_gradient_direction=\u00bb90deg\u00bb background_color_gradient_stops=\u00bb#84bc48 0%|rgba(132,188,72,0.43) 100%\u00bb custom_padding=\u00bb||4px|||\u00bb global_colors_info=\u00bb{}\u00bb global_module=\u00bb163&#8243; theme_builder_area=\u00bbpost_content\u00bb][et_pb_row _builder_version=\u00bb4.25.2&#8243; _module_preset=\u00bbdefault\u00bb custom_margin=\u00bb-4px|auto||auto||\u00bb custom_padding=\u00bb19px||99px|||\u00bb global_colors_info=\u00bb{}\u00bb theme_builder_area=\u00bbpost_content\u00bb][et_pb_column type=\u00bb4_4&#8243; _builder_version=\u00bb4.25.2&#8243; _module_preset=\u00bbdefault\u00bb global_colors_info=\u00bb{}\u00bb theme_builder_area=\u00bbpost_content\u00bb][et_pb_text _builder_version=\u00bb4.25.2&#8243; _module_preset=\u00bbdefault\u00bb header_font=\u00bb|600||on|||||\u00bb header_text_align=\u00bbcenter\u00bb header_font_size=\u00bb52px\u00bb global_colors_info=\u00bb{}\u00bb theme_builder_area=\u00bbpost_content\u00bb][\/et_pb_text][et_pb_post_title meta=\u00bboff\u00bb featured_image=\u00bboff\u00bb _builder_version=\u00bb4.25.2&#8243; _module_preset=\u00bbdefault\u00bb title_font=\u00bb|600||on|||||\u00bb title_text_align=\u00bbcenter\u00bb title_font_size=\u00bb52px\u00bb global_colors_info=\u00bb{}\u00bb theme_builder_area=\u00bbpost_content\u00bb][\/et_pb_post_title][\/et_pb_column][\/et_pb_row][\/et_pb_section][et_pb_section fb_built=\u00bb1&#8243; theme_builder_area=\u00bbpost_content\u00bb _builder_version=\u00bb4.25.2&#8243; _module_preset=\u00bbdefault\u00bb][et_pb_row _builder_version=\u00bb4.25.2&#8243; _module_preset=\u00bbdefault\u00bb theme_builder_area=\u00bbpost_content\u00bb][et_pb_column _builder_version=\u00bb4.25.2&#8243; _module_preset=\u00bbdefault\u00bb type=\u00bb4_4&#8243; theme_builder_area=\u00bbpost_content\u00bb][et_pb_text _builder_version=\u00bb4.25.2&#8243; _module_preset=\u00bbdefault\u00bb theme_builder_area=\u00bbpost_content\u00bb hover_enabled=\u00bb0&#8243; sticky_enabled=\u00bb0&#8243;]<\/p>\n<p>Tendencias de Enfermer\u00eda es una revista cient\u00edfica dedicada a la difusi\u00f3n del conocimiento en el \u00e1mbito de la enfermer\u00eda y disciplinas afines. Su misi\u00f3n es proporcionar un espacio de comunicaci\u00f3n y actualizaci\u00f3n para profesionales de la enfermer\u00eda, incluidos t\u00e9cnicos en cuidados auxiliares, fomentando la investigaci\u00f3n, la pr\u00e1ctica basada en la evidencia y la innovaci\u00f3n en los cuidados. La revista promueve la excelencia cient\u00edfica mediante la publicaci\u00f3n de investigaciones originales, revisiones, experiencias cl\u00ednicas y estudios que contribuyan a la mejora de la atenci\u00f3n sanitaria.<\/p>\n<p>Los valores que rigen la actividad de la revista incluyen el rigor cient\u00edfico, la integridad \u00e9tica, la colaboraci\u00f3n interdisciplinaria y la accesibilidad del conocimiento. Se fomenta la inclusi\u00f3n y diversidad en la investigaci\u00f3n, garantizando que los estudios reflejen la variedad de contextos y poblaciones en los que se desarrolla la enfermer\u00eda. Adem\u00e1s, se prioriza la transparencia en los procesos editoriales, asegurando un sistema de revisi\u00f3n por pares imparcial y una comunicaci\u00f3n clara con los autores. La revista aspira a convertirse en un referente en la divulgaci\u00f3n de la enfermer\u00eda, impulsando la actualizaci\u00f3n continua y la aplicaci\u00f3n del conocimiento en la pr\u00e1ctica asistencial, la gesti\u00f3n y la docencia.<\/p>\n<p>[\/et_pb_text][\/et_pb_column][\/et_pb_row][\/et_pb_section]<\/p>\n","protected":false},"excerpt":{"rendered":"<p>Tendencias de Enfermer\u00eda es una revista cient\u00edfica dedicada a la difusi\u00f3n del conocimiento en el \u00e1mbito de la enfermer\u00eda y disciplinas afines. Su misi\u00f3n es proporcionar un espacio de comunicaci\u00f3n y actualizaci\u00f3n para profesionales de la enfermer\u00eda, incluidos t\u00e9cnicos en cuidados auxiliares, fomentando la investigaci\u00f3n, la pr\u00e1ctica basada en la evidencia y la innovaci\u00f3n en [&hellip;]<\/p>\n","protected":false},"author":1,"featured_media":0,"parent":0,"menu_order":0,"comment_status":"closed","ping_status":"closed","template":"","meta":{"_et_pb_use_builder":"on","_et_pb_old_content":"","_et_gb_content_width":"","footnotes":""},"class_list":["post-432","page","type-page","status-publish","hentry"],"_links":{"self":[{"href":"https:\/\/sociedadcientificasanitaria.org\/tendencias-de-enfermeria\/wp-json\/wp\/v2\/pages\/432","targetHints":{"allow":["GET"]}}],"collection":[{"href":"https:\/\/sociedadcientificasanitaria.org\/tendencias-de-enfermeria\/wp-json\/wp\/v2\/pages"}],"about":[{"href":"https:\/\/sociedadcientificasanitaria.org\/tendencias-de-enfermeria\/wp-json\/wp\/v2\/types\/page"}],"author":[{"embeddable":true,"href":"https:\/\/sociedadcientificasanitaria.org\/tendencias-de-enfermeria\/wp-json\/wp\/v2\/users\/1"}],"replies":[{"embeddable":true,"href":"https:\/\/sociedadcientificasanitaria.org\/tendencias-de-enfermeria\/wp-json\/wp\/v2\/comments?post=432"}],"version-history":[{"count":2,"href":"https:\/\/sociedadcientificasanitaria.org\/tendencias-de-enfermeria\/wp-json\/wp\/v2\/pages\/432\/revisions"}],"predecessor-version":[{"id":434,"href":"https:\/\/sociedadcientificasanitaria.org\/tendencias-de-enfermeria\/wp-json\/wp\/v2\/pages\/432\/revisions\/434"}],"wp:attachment":[{"href":"https:\/\/sociedadcientificasanitaria.org\/tendencias-de-enfermeria\/wp-json\/wp\/v2\/media?parent=432"}],"curies":[{"name":"wp","href":"https:\/\/api.w.org\/{rel}","templated":true}]}}