{"id":423,"date":"2025-05-02T17:51:52","date_gmt":"2025-05-02T15:51:52","guid":{"rendered":"https:\/\/sociedadcientificasanitaria.org\/tendencias-de-enfermeria\/?page_id=423"},"modified":"2025-05-04T10:14:43","modified_gmt":"2025-05-04T08:14:43","slug":"directora-editor-maquetacion-y-comite-editorial","status":"publish","type":"page","link":"https:\/\/sociedadcientificasanitaria.org\/tendencias-de-enfermeria\/directora-editor-maquetacion-y-comite-editorial\/","title":{"rendered":"Directora, Editor, Maquetaci\u00f3n y Comit\u00e9 editorial"},"content":{"rendered":"<p>[et_pb_section fb_built=\u00bb1&#8243; _builder_version=\u00bb4.25.2&#8243; _module_preset=\u00bbdefault\u00bb use_background_color_gradient=\u00bbon\u00bb background_color_gradient_direction=\u00bb90deg\u00bb background_color_gradient_stops=\u00bb#84bc48 0%|rgba(132,188,72,0.43) 100%\u00bb custom_padding=\u00bb||4px|||\u00bb global_module=\u00bb163&#8243; global_colors_info=\u00bb{}\u00bb][et_pb_row _builder_version=\u00bb4.25.2&#8243; _module_preset=\u00bbdefault\u00bb custom_margin=\u00bb-4px|auto||auto||\u00bb custom_padding=\u00bb19px||99px|||\u00bb global_colors_info=\u00bb{}\u00bb][et_pb_column type=\u00bb4_4&#8243; _builder_version=\u00bb4.25.2&#8243; _module_preset=\u00bbdefault\u00bb global_colors_info=\u00bb{}\u00bb][et_pb_text _builder_version=\u00bb4.25.2&#8243; _module_preset=\u00bbdefault\u00bb header_font=\u00bb|600||on|||||\u00bb header_text_align=\u00bbcenter\u00bb header_font_size=\u00bb52px\u00bb global_colors_info=\u00bb{}\u00bb][\/et_pb_text][et_pb_post_title meta=\u00bboff\u00bb featured_image=\u00bboff\u00bb _builder_version=\u00bb4.25.2&#8243; _module_preset=\u00bbdefault\u00bb title_font=\u00bb|600||on|||||\u00bb title_text_align=\u00bbcenter\u00bb title_font_size=\u00bb52px\u00bb global_colors_info=\u00bb{}\u00bb][\/et_pb_post_title][\/et_pb_column][\/et_pb_row][\/et_pb_section][et_pb_section fb_built=\u00bb1&#8243; _builder_version=\u00bb4.25.2&#8243; _module_preset=\u00bbdefault\u00bb global_colors_info=\u00bb{}\u00bb][et_pb_row _builder_version=\u00bb4.25.2&#8243; _module_preset=\u00bbdefault\u00bb global_colors_info=\u00bb{}\u00bb][et_pb_column type=\u00bb4_4&#8243; _builder_version=\u00bb4.25.2&#8243; _module_preset=\u00bbdefault\u00bb global_colors_info=\u00bb{}\u00bb][et_pb_text _builder_version=\u00bb4.25.2&#8243; _module_preset=\u00bbdefault\u00bb hover_enabled=\u00bb0&#8243; global_colors_info=\u00bb{}\u00bb sticky_enabled=\u00bb0&#8243;]<\/p>\n<p><span><b data-olk-copy-source=\"MessageBody\">Directora<\/b><br \/><\/span><\/p>\n<p><span>Isabel Rosa Galera P\u00e9rez<\/span><\/p>\n<p><b>Editor<\/b><\/p>\n<p>SOCISAEU-IDSF<br \/><b>\u00a0<\/b><br \/><b>Maquetaci\u00f3n<\/b><\/p>\n<p>Alberto Sanz Armenteros<\/p>\n<p><b>Comit\u00e9 editorial<\/b><\/p>\n<p class=\"x_MsoNormal\"><i>Rita Mart\u00ednez Espinosa<\/i><br \/>Enfermera<br \/>Hospital Cl\u00ednico Universitario Virgen de la Arrixaca<br \/>Murcia, Espa\u00f1a<br \/><i>C\u00e9sar Augusto Loayza Palomino<\/i><br \/>M\u00e9dico Cirujano y Cirujano Dentista<br \/>Dental C &amp; L Loayza<br \/>Lima, Per\u00fa<br \/><i>Irvin Z\u00fa\u00f1iga Almora<\/i><br \/>M\u00e9dico Cirujano y Cirujano Dentista<br \/>Za\u00ed Salud Integral<br \/>Ica, Per\u00fa<br \/><i>Antonio Fern\u00e1ndez Lara<\/i><br \/>Enfermero<br \/>Hospital General Universitario Morales Meseguer<br \/>Murcia, Espa\u00f1a<br \/>Murcia, Espa\u00f1a<\/p>\n<p>[\/et_pb_text][\/et_pb_column][\/et_pb_row][\/et_pb_section]<\/p>\n","protected":false},"excerpt":{"rendered":"<p>Directora Isabel Rosa Galera P\u00e9rez Editor SOCISAEU-IDSF\u00a0Maquetaci\u00f3n Alberto Sanz Armenteros Comit\u00e9 editorial Rita Mart\u00ednez EspinosaEnfermeraHospital Cl\u00ednico Universitario Virgen de la ArrixacaMurcia, Espa\u00f1aC\u00e9sar Augusto Loayza PalominoM\u00e9dico Cirujano y Cirujano DentistaDental C &amp; L LoayzaLima, Per\u00faIrvin Z\u00fa\u00f1iga AlmoraM\u00e9dico Cirujano y Cirujano DentistaZa\u00ed Salud IntegralIca, Per\u00faAntonio Fern\u00e1ndez LaraEnfermeroHospital General Universitario Morales MeseguerMurcia, Espa\u00f1aMurcia, Espa\u00f1a<\/p>\n","protected":false},"author":1,"featured_media":0,"parent":0,"menu_order":0,"comment_status":"closed","ping_status":"closed","template":"","meta":{"_et_pb_use_builder":"on","_et_pb_old_content":"","_et_gb_content_width":"","footnotes":""},"class_list":["post-423","page","type-page","status-publish","hentry"],"_links":{"self":[{"href":"https:\/\/sociedadcientificasanitaria.org\/tendencias-de-enfermeria\/wp-json\/wp\/v2\/pages\/423","targetHints":{"allow":["GET"]}}],"collection":[{"href":"https:\/\/sociedadcientificasanitaria.org\/tendencias-de-enfermeria\/wp-json\/wp\/v2\/pages"}],"about":[{"href":"https:\/\/sociedadcientificasanitaria.org\/tendencias-de-enfermeria\/wp-json\/wp\/v2\/types\/page"}],"author":[{"embeddable":true,"href":"https:\/\/sociedadcientificasanitaria.org\/tendencias-de-enfermeria\/wp-json\/wp\/v2\/users\/1"}],"replies":[{"embeddable":true,"href":"https:\/\/sociedadcientificasanitaria.org\/tendencias-de-enfermeria\/wp-json\/wp\/v2\/comments?post=423"}],"version-history":[{"count":9,"href":"https:\/\/sociedadcientificasanitaria.org\/tendencias-de-enfermeria\/wp-json\/wp\/v2\/pages\/423\/revisions"}],"predecessor-version":[{"id":517,"href":"https:\/\/sociedadcientificasanitaria.org\/tendencias-de-enfermeria\/wp-json\/wp\/v2\/pages\/423\/revisions\/517"}],"wp:attachment":[{"href":"https:\/\/sociedadcientificasanitaria.org\/tendencias-de-enfermeria\/wp-json\/wp\/v2\/media?parent=423"}],"curies":[{"name":"wp","href":"https:\/\/api.w.org\/{rel}","templated":true}]}}