{"id":419,"date":"2025-05-02T17:46:39","date_gmt":"2025-05-02T15:46:39","guid":{"rendered":"https:\/\/sociedadcientificasanitaria.org\/tendencias-de-enfermeria\/?page_id=419"},"modified":"2025-05-02T17:47:22","modified_gmt":"2025-05-02T15:47:22","slug":"aceptacion-de-articulos-y-certificados-de-autoria","status":"publish","type":"page","link":"https:\/\/sociedadcientificasanitaria.org\/tendencias-de-enfermeria\/aceptacion-de-articulos-y-certificados-de-autoria\/","title":{"rendered":"Aceptaci\u00f3n de art\u00edculos y certificados de autor\u00eda"},"content":{"rendered":"<p>[et_pb_section fb_built=\u00bb1&#8243; _builder_version=\u00bb4.25.2&#8243; _module_preset=\u00bbdefault\u00bb use_background_color_gradient=\u00bbon\u00bb background_color_gradient_direction=\u00bb90deg\u00bb background_color_gradient_stops=\u00bb#84bc48 0%|rgba(132,188,72,0.43) 100%\u00bb custom_padding=\u00bb||4px|||\u00bb global_module=\u00bb163&#8243; global_colors_info=\u00bb{}\u00bb][et_pb_row _builder_version=\u00bb4.25.2&#8243; _module_preset=\u00bbdefault\u00bb custom_margin=\u00bb-4px|auto||auto||\u00bb custom_padding=\u00bb19px||99px|||\u00bb global_colors_info=\u00bb{}\u00bb][et_pb_column type=\u00bb4_4&#8243; _builder_version=\u00bb4.25.2&#8243; _module_preset=\u00bbdefault\u00bb global_colors_info=\u00bb{}\u00bb][et_pb_text _builder_version=\u00bb4.25.2&#8243; _module_preset=\u00bbdefault\u00bb header_font=\u00bb|600||on|||||\u00bb header_text_align=\u00bbcenter\u00bb header_font_size=\u00bb52px\u00bb global_colors_info=\u00bb{}\u00bb][\/et_pb_text][et_pb_post_title meta=\u00bboff\u00bb featured_image=\u00bboff\u00bb _builder_version=\u00bb4.25.2&#8243; _module_preset=\u00bbdefault\u00bb title_font=\u00bb|600||on|||||\u00bb title_text_align=\u00bbcenter\u00bb title_font_size=\u00bb52px\u00bb global_colors_info=\u00bb{}\u00bb][\/et_pb_post_title][\/et_pb_column][\/et_pb_row][\/et_pb_section][et_pb_section fb_built=\u00bb1&#8243; _builder_version=\u00bb4.25.2&#8243; _module_preset=\u00bbdefault\u00bb global_colors_info=\u00bb{}\u00bb][et_pb_row _builder_version=\u00bb4.25.2&#8243; _module_preset=\u00bbdefault\u00bb global_colors_info=\u00bb{}\u00bb][et_pb_column type=\u00bb4_4&#8243; _builder_version=\u00bb4.25.2&#8243; _module_preset=\u00bbdefault\u00bb global_colors_info=\u00bb{}\u00bb][et_pb_text _builder_version=\u00bb4.25.2&#8243; _module_preset=\u00bbdefault\u00bb global_colors_info=\u00bb{}\u00bb]<\/p>\n<h3><strong>Aceptaci\u00f3n de art\u00edculos y certificados de autor\u00eda<\/strong><\/h3>\n<p>Los autores recibir\u00e1n una confirmaci\u00f3n por correo electr\u00f3nico al momento de la recepci\u00f3n del manuscrito. En caso de que el art\u00edculo entre en proceso de revisi\u00f3n, se notificar\u00e1 a los autores sobre las correcciones requeridas. Una vez aceptado el manuscrito para su publicaci\u00f3n, se enviar\u00e1 un certificado de aceptaci\u00f3n que confirmar\u00e1 su inclusi\u00f3n en el n\u00famero correspondiente de la revista.<\/p>\n<p>[\/et_pb_text][\/et_pb_column][\/et_pb_row][\/et_pb_section]<\/p>\n","protected":false},"excerpt":{"rendered":"<p>Aceptaci\u00f3n de art\u00edculos y certificados de autor\u00eda Los autores recibir\u00e1n una confirmaci\u00f3n por correo electr\u00f3nico al momento de la recepci\u00f3n del manuscrito. En caso de que el art\u00edculo entre en proceso de revisi\u00f3n, se notificar\u00e1 a los autores sobre las correcciones requeridas. Una vez aceptado el manuscrito para su publicaci\u00f3n, se enviar\u00e1 un certificado de [&hellip;]<\/p>\n","protected":false},"author":1,"featured_media":0,"parent":0,"menu_order":0,"comment_status":"closed","ping_status":"closed","template":"","meta":{"_et_pb_use_builder":"on","_et_pb_old_content":"","_et_gb_content_width":"","footnotes":""},"class_list":["post-419","page","type-page","status-publish","hentry"],"_links":{"self":[{"href":"https:\/\/sociedadcientificasanitaria.org\/tendencias-de-enfermeria\/wp-json\/wp\/v2\/pages\/419","targetHints":{"allow":["GET"]}}],"collection":[{"href":"https:\/\/sociedadcientificasanitaria.org\/tendencias-de-enfermeria\/wp-json\/wp\/v2\/pages"}],"about":[{"href":"https:\/\/sociedadcientificasanitaria.org\/tendencias-de-enfermeria\/wp-json\/wp\/v2\/types\/page"}],"author":[{"embeddable":true,"href":"https:\/\/sociedadcientificasanitaria.org\/tendencias-de-enfermeria\/wp-json\/wp\/v2\/users\/1"}],"replies":[{"embeddable":true,"href":"https:\/\/sociedadcientificasanitaria.org\/tendencias-de-enfermeria\/wp-json\/wp\/v2\/comments?post=419"}],"version-history":[{"count":2,"href":"https:\/\/sociedadcientificasanitaria.org\/tendencias-de-enfermeria\/wp-json\/wp\/v2\/pages\/419\/revisions"}],"predecessor-version":[{"id":421,"href":"https:\/\/sociedadcientificasanitaria.org\/tendencias-de-enfermeria\/wp-json\/wp\/v2\/pages\/419\/revisions\/421"}],"wp:attachment":[{"href":"https:\/\/sociedadcientificasanitaria.org\/tendencias-de-enfermeria\/wp-json\/wp\/v2\/media?parent=419"}],"curies":[{"name":"wp","href":"https:\/\/api.w.org\/{rel}","templated":true}]}}