{"id":390,"date":"2025-05-02T17:29:22","date_gmt":"2025-05-02T15:29:22","guid":{"rendered":"https:\/\/sociedadcientificasanitaria.org\/tendencias-de-enfermeria\/?page_id=390"},"modified":"2025-05-02T17:31:03","modified_gmt":"2025-05-02T15:31:03","slug":"normas-de-redaccion-presentacion","status":"publish","type":"page","link":"https:\/\/sociedadcientificasanitaria.org\/tendencias-de-enfermeria\/normas-de-redaccion-presentacion\/","title":{"rendered":"Normas de redacci\u00f3n y presentaci\u00f3n"},"content":{"rendered":"<p>[et_pb_section fb_built=\u00bb1&#8243; _builder_version=\u00bb4.25.2&#8243; _module_preset=\u00bbdefault\u00bb use_background_color_gradient=\u00bbon\u00bb background_color_gradient_direction=\u00bb90deg\u00bb background_color_gradient_stops=\u00bb#84bc48 0%|rgba(132,188,72,0.43) 100%\u00bb custom_padding=\u00bb||4px|||\u00bb global_module=\u00bb163&#8243; global_colors_info=\u00bb{}\u00bb][et_pb_row _builder_version=\u00bb4.25.2&#8243; _module_preset=\u00bbdefault\u00bb custom_margin=\u00bb-4px|auto||auto||\u00bb custom_padding=\u00bb19px||99px|||\u00bb global_colors_info=\u00bb{}\u00bb][et_pb_column type=\u00bb4_4&#8243; _builder_version=\u00bb4.25.2&#8243; _module_preset=\u00bbdefault\u00bb global_colors_info=\u00bb{}\u00bb][et_pb_text _builder_version=\u00bb4.25.2&#8243; _module_preset=\u00bbdefault\u00bb header_font=\u00bb|600||on|||||\u00bb header_text_align=\u00bbcenter\u00bb header_font_size=\u00bb52px\u00bb global_colors_info=\u00bb{}\u00bb][\/et_pb_text][et_pb_post_title meta=\u00bboff\u00bb featured_image=\u00bboff\u00bb _builder_version=\u00bb4.25.2&#8243; _module_preset=\u00bbdefault\u00bb title_font=\u00bb|600||on|||||\u00bb title_text_align=\u00bbcenter\u00bb title_font_size=\u00bb52px\u00bb global_colors_info=\u00bb{}\u00bb][\/et_pb_post_title][\/et_pb_column][\/et_pb_row][\/et_pb_section][et_pb_section fb_built=\u00bb1&#8243; _builder_version=\u00bb4.25.2&#8243; _module_preset=\u00bbdefault\u00bb global_colors_info=\u00bb{}\u00bb][et_pb_row module_id=\u00bbnormas-redaccion-presentacion\u00bb _builder_version=\u00bb4.25.2&#8243; _module_preset=\u00bbdefault\u00bb global_colors_info=\u00bb{}\u00bb][et_pb_column type=\u00bb4_4&#8243; _builder_version=\u00bb4.25.2&#8243; _module_preset=\u00bbdefault\u00bb global_colors_info=\u00bb{}\u00bb][et_pb_text _builder_version=\u00bb4.25.2&#8243; _module_preset=\u00bbdefault\u00bb global_colors_info=\u00bb{}\u00bb]<\/p>\n<h2><strong>Normas de redacci\u00f3n y presentaci\u00f3n<\/strong><\/h2>\n<p><em>P\u00e1gina de presentaci\u00f3n<\/em><\/p>\n<p>Todos los manuscritos deben incluir una primera p\u00e1gina con la siguiente informaci\u00f3n:<\/p>\n<ul>\n<li>T\u00edtulo del manuscrito.<\/li>\n<li>Nombres y apellidos de los autores, separados por comas.<\/li>\n<li>Filiaci\u00f3n o centro de trabajo y la localidad y pa\u00eds de cada autor.<\/li>\n<li>Autor de correspondencia y su correo electr\u00f3nico.<\/li>\n<li>Declaraci\u00f3n de conflictos de intereses.<\/li>\n<li>Fuentes de financiaci\u00f3n, si las hubiera.<\/li>\n<\/ul>\n<p><em>Resumen y palabras clave<\/em><\/p>\n<p>El resumen debe presentarse en espa\u00f1ol e ingl\u00e9s (siguiendo el estilo de Reino Unido) y debe acompa\u00f1arse de una lista de palabras clave en ambos idiomas. Se recomienda el uso de t\u00e9rminos MeSH cuando est\u00e9n disponibles; en su defecto, se admitir\u00e1n t\u00e9rminos libres. La estructura del resumen var\u00eda seg\u00fan el tipo de manuscrito:<\/p>\n<ul>\n<li>Estructurado: Para art\u00edculos originales (250 palabras: Introducci\u00f3n, M\u00e9todos, Resultados y Conclusiones).<\/li>\n<li>No estructurado: Para revisiones narrativas, actualizaciones y art\u00edculos especiales (150 palabras).<\/li>\n<li>Sin resumen: Cartas al director y art\u00edculos de opini\u00f3n.<\/li>\n<\/ul>\n<p><em>Formato del manuscrito<\/em><\/p>\n<p>Los manuscritos deben enviarse en un formato a doble espacio y en una sola columna. La estructura y la extensi\u00f3n deben ajustarse a las normas del tipo de art\u00edculo elegido. Las abreviaturas deben definirse la primera vez que aparecen en el texto. Se recomienda realizar una revisi\u00f3n ortogr\u00e1fica y gramatical antes del env\u00edo.<\/p>\n<p>Las citas en el texto deben aparecer en orden de aparici\u00f3n en super\u00edndice y deben estar incluidas en la lista de referencias, asegurando que no haya discordancias entre ambos. Las referencias deben seguir el formato Vancouver\/NLM y listarse al final del manuscrito. Se debe incluir hasta seis autores; si hay m\u00e1s, se indicar\u00e1 con \u00abet al.\u00bb. Ejemplos de referencias:<\/p>\n<ul>\n<li>Art\u00edculo de revista: Mart\u00ednez J, P\u00e9rez L, G\u00f3mez R, Balaguer, R, S\u00e1nchez M., Subiela, F., et al. An\u00e1lisis de la evoluci\u00f3n de la pr\u00e1ctica enfermera. J Nurs Res. 2022;45(2):112-8. https:\/\/doi.org\/10.1016\/j.jnr.2022.00456.<\/li>\n<li>Art\u00edculo con n\u00famero de art\u00edculo: L\u00f3pez D, S\u00e1nchez A, Rodr\u00edguez P. Evaluaci\u00f3n de nuevas estrategias en enfermer\u00eda geri\u00e1trica. Clin Nurs Stud. 2021;28:e00321. https:\/\/doi.org\/10.1016\/j.cns.2021.e00321.<\/li>\n<li>Libro: Fern\u00e1ndez M, Ruiz T. Fundamentos de enfermer\u00eda basada en la evidencia. 2\u00aa ed. Madrid: Ediciones M\u00e9dicas; 2019.<\/li>\n<li>Cap\u00edtulo de libro: Garc\u00eda P, Hidalgo J. Innovaci\u00f3n en cuidados paliativos. En: L\u00f3pez R, editor. Avances en enfermer\u00eda cl\u00ednica. Barcelona: Editorial Cient\u00edfica; 2020, p. 87-105.<\/li>\n<li>P\u00e1gina web: Organizaci\u00f3n Mundial de la Salud. Informe sobre la situaci\u00f3n de la enfermer\u00eda en el mundo. https:\/\/www.who.int\/es\/publications-detail\/nursing-report-2020; 2020 [consultado el 5 de marzo de 2024].<\/li>\n<\/ul>\n<p><em>Tablas y figuras<\/em><\/p>\n<p>Las tablas deben enviarse en formato editable, no como im\u00e1genes, con un t\u00edtulo numerado en la parte superior y un pie de tabla con notas aclaratorias si es necesario. Se pueden integrar en el texto o incluir en un apartado final. Las tablas y figuras en el cuerpo del manuscrito tendr\u00e1n el formato de \u201cen l\u00ednea con el texto\u201d, sin texto alrededor. Es fundamental verificar que todas las referencias a tablas y figuras en el texto coincidan con los archivos enviados.<\/p>\n<p><em>Im\u00e1genes y gr\u00e1ficos<\/em><\/p>\n<p>Las im\u00e1genes y gr\u00e1ficos deben enviarse en el cuerpo del manuscrito o en anexos.<\/p>\n<p>[\/et_pb_text][\/et_pb_column][\/et_pb_row][\/et_pb_section]<\/p>\n","protected":false},"excerpt":{"rendered":"<p>Normas de redacci\u00f3n y presentaci\u00f3n P\u00e1gina de presentaci\u00f3n Todos los manuscritos deben incluir una primera p\u00e1gina con la siguiente informaci\u00f3n: T\u00edtulo del manuscrito. Nombres y apellidos de los autores, separados por comas. Filiaci\u00f3n o centro de trabajo y la localidad y pa\u00eds de cada autor. Autor de correspondencia y su correo electr\u00f3nico. Declaraci\u00f3n de conflictos [&hellip;]<\/p>\n","protected":false},"author":1,"featured_media":0,"parent":0,"menu_order":0,"comment_status":"closed","ping_status":"closed","template":"","meta":{"_et_pb_use_builder":"on","_et_pb_old_content":"","_et_gb_content_width":"","footnotes":""},"class_list":["post-390","page","type-page","status-publish","hentry"],"_links":{"self":[{"href":"https:\/\/sociedadcientificasanitaria.org\/tendencias-de-enfermeria\/wp-json\/wp\/v2\/pages\/390","targetHints":{"allow":["GET"]}}],"collection":[{"href":"https:\/\/sociedadcientificasanitaria.org\/tendencias-de-enfermeria\/wp-json\/wp\/v2\/pages"}],"about":[{"href":"https:\/\/sociedadcientificasanitaria.org\/tendencias-de-enfermeria\/wp-json\/wp\/v2\/types\/page"}],"author":[{"embeddable":true,"href":"https:\/\/sociedadcientificasanitaria.org\/tendencias-de-enfermeria\/wp-json\/wp\/v2\/users\/1"}],"replies":[{"embeddable":true,"href":"https:\/\/sociedadcientificasanitaria.org\/tendencias-de-enfermeria\/wp-json\/wp\/v2\/comments?post=390"}],"version-history":[{"count":3,"href":"https:\/\/sociedadcientificasanitaria.org\/tendencias-de-enfermeria\/wp-json\/wp\/v2\/pages\/390\/revisions"}],"predecessor-version":[{"id":394,"href":"https:\/\/sociedadcientificasanitaria.org\/tendencias-de-enfermeria\/wp-json\/wp\/v2\/pages\/390\/revisions\/394"}],"wp:attachment":[{"href":"https:\/\/sociedadcientificasanitaria.org\/tendencias-de-enfermeria\/wp-json\/wp\/v2\/media?parent=390"}],"curies":[{"name":"wp","href":"https:\/\/api.w.org\/{rel}","templated":true}]}}