{"id":15,"date":"2025-03-17T13:41:00","date_gmt":"2025-03-17T12:41:00","guid":{"rendered":"https:\/\/sociedadcientificasanitaria.org\/revista-enfermeria\/?page_id=15"},"modified":"2026-03-18T08:22:04","modified_gmt":"2026-03-18T07:22:04","slug":"inicio","status":"publish","type":"page","link":"https:\/\/sociedadcientificasanitaria.org\/tendencias-de-enfermeria\/","title":{"rendered":"Inicio"},"content":{"rendered":"<p>[et_pb_section fb_built=\u00bb1&#8243; _builder_version=\u00bb4.25.2&#8243; _module_preset=\u00bbdefault\u00bb use_background_color_gradient=\u00bbon\u00bb background_color_gradient_direction=\u00bb90deg\u00bb background_color_gradient_stops=\u00bb#84bc48 0%|rgba(132,188,72,0.43) 100%\u00bb custom_padding=\u00bb||4px|||\u00bb global_colors_info=\u00bb{}\u00bb][et_pb_row _builder_version=\u00bb4.25.2&#8243; _module_preset=\u00bbdefault\u00bb custom_margin=\u00bb-4px|auto||auto||\u00bb custom_padding=\u00bb19px||99px|||\u00bb global_colors_info=\u00bb{}\u00bb][et_pb_column type=\u00bb4_4&#8243; _builder_version=\u00bb4.25.2&#8243; _module_preset=\u00bbdefault\u00bb global_colors_info=\u00bb{}\u00bb][et_pb_text _builder_version=\u00bb4.25.2&#8243; _module_preset=\u00bbdefault\u00bb header_font=\u00bb|600||on|||||\u00bb header_text_align=\u00bbcenter\u00bb header_font_size=\u00bb52px\u00bb global_colors_info=\u00bb{}\u00bb][\/et_pb_text][et_pb_text _builder_version=\u00bb4.25.2&#8243; _module_preset=\u00bbdefault\u00bb text_font_size=\u00bb21px\u00bb header_font=\u00bb|600||on|||||\u00bb header_text_align=\u00bbcenter\u00bb header_font_size=\u00bb48px\u00bb header_line_height_tablet=\u00bb\u00bb header_line_height_phone=\u00bb\u00bb header_line_height_last_edited=\u00bbon|desktop\u00bb global_colors_info=\u00bb{}\u00bb]<\/p>\n<h1>Tendencias de Enfermer\u00eda<\/h1>\n<p>[\/et_pb_text][et_pb_text _builder_version=\u00bb4.25.2&#8243; _module_preset=\u00bbdefault\u00bb link_text_color=\u00bb#000000&#8243; global_colors_info=\u00bb{}\u00bb]<\/p>\n<p><span><strong>e-ISSN:<\/strong>\u00a0<\/span><span data-olk-copy-source=\"MessageBody\">3045-9176<\/span><\/p>\n<p class=\"x_MsoNormal\"><span data-olk-copy-source=\"MessageBody\"><strong>DOI:<\/strong> 10.56533\/HFGZ2280<\/span><\/p>\n<p class=\"x_MsoNormal\"><span><a data-auth=\"NotApplicable\" href=\"https:\/\/doi.org\/10.56533\/HFGZ2280\" title=\"https:\/\/doi.org\/10.56533\/HFGZ2280\" data-linkindex=\"0\" data-ogsc=\"blue\" target=\"_blank\" rel=\"noopener\">https:\/\/doi.org\/10.56533\/HFGZ2280<\/a><\/span><\/p>\n<p>&nbsp;<\/p>\n<p>[\/et_pb_text][\/et_pb_column][\/et_pb_row][\/et_pb_section][et_pb_section fb_built=\u00bb1&#8243; _builder_version=\u00bb4.25.2&#8243; _module_preset=\u00bbdefault\u00bb custom_padding=\u00bb14px|||||\u00bb global_colors_info=\u00bb{}\u00bb][et_pb_row column_structure=\u00bb3_5,2_5&#8243; _builder_version=\u00bb4.25.2&#8243; _module_preset=\u00bbdefault\u00bb custom_margin=\u00bb42px|auto||auto||\u00bb custom_padding=\u00bb||6px|||\u00bb global_colors_info=\u00bb{}\u00bb][et_pb_column type=\u00bb3_5&#8243; _builder_version=\u00bb4.25.2&#8243; _module_preset=\u00bbdefault\u00bb global_colors_info=\u00bb{}\u00bb][et_pb_text _builder_version=\u00bb4.25.2&#8243; _module_preset=\u00bbdefault\u00bb global_colors_info=\u00bb{}\u00bb]<\/p>\n<p><strong><em>Tendencias de Enfermer\u00eda<\/em><\/strong> es una revista cient\u00edfica de enfermer\u00eda cuya misi\u00f3n es servir de instrumento de comunicaci\u00f3n de la actividad de los profesionales de esta disciplina, incluidos los t\u00e9cnicos en cuidados auxiliares de enfermer\u00eda, en los campos de la investigaci\u00f3n, los cuidados, la asistencia, la gesti\u00f3n y la docencia.<\/p>\n<p>Dado el car\u00e1cter multidisciplinar de los cuidados, la asistencia y la investigaci\u00f3n en enfermer\u00eda <em>Tendencia de Enfermer\u00eda<\/em> es un medio de divulgaci\u00f3n abierto a la participaci\u00f3n de otros profesionales de las ciencias de la salud cuya actividad sea aplicable a la enfermer\u00eda.<\/p>\n<p>Los objetivos de <strong><em>Tendencias de Enfermer\u00eda<\/em><\/strong> son promover la investigaci\u00f3n de los profesionales de enfermer\u00eda y disciplinas aliadas, difundir la evidencia de los cuidados basada en la pr\u00e1ctica cl\u00ednica de acuerdo con la estrategia EBE (Enfermer\u00eda Basada en la Evidencia), la investigaci\u00f3n original y la s\u00edntesis de dicha evidencia, as\u00ed como divulgar la experiencia de las enfermeras en la asistencia, la gesti\u00f3n y la docencia.<\/p>\n<p>[\/et_pb_text][\/et_pb_column][et_pb_column type=\u00bb2_5&#8243; _builder_version=\u00bb4.25.2&#8243; _module_preset=\u00bbdefault\u00bb global_colors_info=\u00bb{}\u00bb][et_pb_image src=\u00bbhttps:\/\/sociedadcientificasanitaria.org\/tendencias-de-enfermeria\/wp-content\/uploads\/2026\/03\/volumen-1-numero-4-noviembre-diciembre-2025.png\u00bb alt=\u00bbTendencias de Enfermer\u00eda 1(4) 2025&#8243; title_text=\u00bbvolumen-1-numero-4-noviembre-diciembre-2025&#8243; url=\u00bbhttps:\/\/sociedadcientificasanitaria.org\/tendencias-de-enfermeria\/volumen-1-numero-4-noviembre-diciembre-2025\/\u00bb _builder_version=\u00bb4.25.2&#8243; _module_preset=\u00bbdefault\u00bb hover_enabled=\u00bb0&#8243; global_colors_info=\u00bb{}\u00bb sticky_enabled=\u00bb0&#8243;][\/et_pb_image][\/et_pb_column][\/et_pb_row][et_pb_row _builder_version=\u00bb4.25.2&#8243; _module_preset=\u00bbdefault\u00bb global_colors_info=\u00bb{}\u00bb][et_pb_column type=\u00bb4_4&#8243; _builder_version=\u00bb4.25.2&#8243; _module_preset=\u00bbdefault\u00bb global_colors_info=\u00bb{}\u00bb][et_pb_text _builder_version=\u00bb4.25.2&#8243; _module_preset=\u00bbdefault\u00bb global_colors_info=\u00bb{}\u00bb]<\/p>\n<p>&nbsp;<\/p>\n<p>La revista <strong>Tendencias de Enfermer\u00eda<\/strong> es una revista con sistema de revisi\u00f3n por pares que acepta art\u00edculos originales en los que se realiza la comunicaci\u00f3n de los resultados de una investigaci\u00f3n cuantitativa, cualitativa o mixta. Tambi\u00e9n se aceptan revisiones narrativas, sistem\u00e1ticas, incluidos los metaan\u00e1lisis, <em>scoping reviews<\/em>, as\u00ed como planes de cuidados de enfermer\u00eda y s\u00edntesis de la EBE a partir de la revisi\u00f3n de gu\u00edas de pr\u00e1ctica cl\u00ednica que contribuyan a una mejora en la toma de decisiones cl\u00ednicas. Esta revista acepta art\u00edculos que son una adaptaci\u00f3n a las normas de la revista de trabajos acad\u00e9micos o de partes de ellos, como trabajos fin de grado (TFG), trabajos fin de m\u00e1ster (TFM) y tesis doctorales. Por \u00faltimo, se admiten cartas al director.<\/p>\n<p>[\/et_pb_text][\/et_pb_column][\/et_pb_row][et_pb_row _builder_version=\u00bb4.25.2&#8243; _module_preset=\u00bbdefault\u00bb global_colors_info=\u00bb{}\u00bb][et_pb_column type=\u00bb4_4&#8243; _builder_version=\u00bb4.25.2&#8243; _module_preset=\u00bbdefault\u00bb global_colors_info=\u00bb{}\u00bb][et_pb_divider color=\u00bb#408910&#8243; divider_weight=\u00bb5px\u00bb _builder_version=\u00bb4.25.2&#8243; _module_preset=\u00bbdefault\u00bb global_colors_info=\u00bb{}\u00bb][\/et_pb_divider][\/et_pb_column][\/et_pb_row][et_pb_row _builder_version=\u00bb4.25.2&#8243; _module_preset=\u00bbdefault\u00bb global_colors_info=\u00bb{}\u00bb][et_pb_column type=\u00bb4_4&#8243; _builder_version=\u00bb4.25.2&#8243; _module_preset=\u00bbdefault\u00bb global_colors_info=\u00bb{}\u00bb][et_pb_text _builder_version=\u00bb4.25.2&#8243; _module_preset=\u00bbdefault\u00bb header_3_font=\u00bb|600|||||||\u00bb header_3_text_color=\u00bb#000000&#8243; header_3_font_size=\u00bb28px\u00bb global_colors_info=\u00bb{}\u00bb]<\/p>\n<h3>\u00daltimos n\u00fameros<\/h3>\n<p>[\/et_pb_text][\/et_pb_column][\/et_pb_row][et_pb_row column_structure=\u00bb1_2,1_2&#8243; _builder_version=\u00bb4.25.2&#8243; _module_preset=\u00bbdefault\u00bb global_colors_info=\u00bb{}\u00bb][et_pb_column type=\u00bb1_2&#8243; _builder_version=\u00bb4.25.2&#8243; _module_preset=\u00bbdefault\u00bb global_colors_info=\u00bb{}\u00bb][et_pb_image src=\u00bbhttps:\/\/sociedadcientificasanitaria.org\/tendencias-de-enfermeria\/wp-content\/uploads\/2026\/03\/volumen-1-numero-4-noviembre-diciembre-2025.png\u00bb alt=\u00bbTendencias de Enfermer\u00eda 1(4) 2025&#8243; title_text=\u00bbvolumen-1-numero-4-noviembre-diciembre-2025&#8243; url=\u00bbhttps:\/\/sociedadcientificasanitaria.org\/tendencias-de-enfermeria\/volumen-1-numero-4-noviembre-diciembre-2025\/\u00bb _builder_version=\u00bb4.25.2&#8243; _module_preset=\u00bbdefault\u00bb hover_enabled=\u00bb0&#8243; global_colors_info=\u00bb{}\u00bb sticky_enabled=\u00bb0&#8243;][\/et_pb_image][et_pb_text _builder_version=\u00bb4.25.2&#8243; _module_preset=\u00bbdefault\u00bb hover_enabled=\u00bb0&#8243; global_colors_info=\u00bb{}\u00bb sticky_enabled=\u00bb0&#8243;]<\/p>\n<h3><strong>Tendencias de Enfermer\u00eda<\/strong><\/h3>\n<p><strong>Revista cient\u00edfica de enfermer\u00eda y disciplinas afines<\/strong><\/p>\n<p><a href=\"https:\/\/sociedadcientificasanitaria.org\/tendencias-de-enfermeria\/volumen-1-numero-4-noviembre-diciembre-2025\/\"><strong> Volumen 1, N\u00famero 4 Noviembre-Diciembre 2025<\/strong><\/a><\/p>\n<p>&nbsp;<\/p>\n<p>[\/et_pb_text][\/et_pb_column][et_pb_column _builder_version=\u00bb4.25.2&#8243; _module_preset=\u00bbdefault\u00bb type=\u00bb1_2&#8243;][et_pb_image src=\u00bbhttps:\/\/sociedadcientificasanitaria.org\/tendencias-de-enfermeria\/wp-content\/uploads\/2025\/11\/vol1-num-3-sept-oct-2025.png\u00bb alt=\u00bbTendencias de Enfermer\u00eda<br \/>\nRevista cient\u00edfica de enfermer\u00eda y disciplinas afines<br \/>\nVolumen 1, N\u00famero 3 Septiembre-Octubre 2025&#8243; title_text=\u00bbvol1-num-3-sept-oct-2025&#8243; url=\u00bbhttps:\/\/sociedadcientificasanitaria.org\/tendencias-de-enfermeria\/volumen-1-numero-3-septiembre-octubre-2025\/\u00bb _builder_version=\u00bb4.25.2&#8243; _module_preset=\u00bbdefault\u00bb global_colors_info=\u00bb{}\u00bb][\/et_pb_image][et_pb_text _builder_version=\u00bb4.25.2&#8243; _module_preset=\u00bbdefault\u00bb global_colors_info=\u00bb{}\u00bb]<\/p>\n<h3><strong>Tendencias de Enfermer\u00eda<\/strong><\/h3>\n<p><strong>Revista cient\u00edfica de enfermer\u00eda y disciplinas afines<\/strong><\/p>\n<p><a href=\"https:\/\/sociedadcientificasanitaria.org\/tendencias-de-enfermeria\/volumen-1-numero-3-septiembre-octubre-2025\/\"><strong> Volumen 1, N\u00famero 3 Septiembre-Octubre 2025<\/strong><\/a><\/p>\n<p>&nbsp;<\/p>\n<p>[\/et_pb_text][\/et_pb_column][\/et_pb_row][et_pb_row column_structure=\u00bb1_2,1_2&#8243; _builder_version=\u00bb4.25.2&#8243; _module_preset=\u00bbdefault\u00bb global_colors_info=\u00bb{}\u00bb][et_pb_column type=\u00bb1_2&#8243; _builder_version=\u00bb4.25.2&#8243; _module_preset=\u00bbdefault\u00bb global_colors_info=\u00bb{}\u00bb][et_pb_image src=\u00bbhttps:\/\/sociedadcientificasanitaria.org\/tendencias-de-enfermeria\/wp-content\/uploads\/2025\/09\/Volumen-1-Numero-2-Julio-Agosto-2025-portada.png\u00bb alt=\u00bbTendencias de Enfermer\u00eda Volumen 1, N\u00famero 2 Julio-Agosto 2025&#8243; title_text=\u00bbVolumen-1-Numero-2-Julio-Agosto-2025-portada\u00bb url=\u00bbhttps:\/\/sociedadcientificasanitaria.org\/tendencias-de-enfermeria\/volumen-1-numero-2-julio-agosto-2025\/\u00bb _builder_version=\u00bb4.25.2&#8243; _module_preset=\u00bbdefault\u00bb global_colors_info=\u00bb{}\u00bb][\/et_pb_image][et_pb_text _builder_version=\u00bb4.25.2&#8243; _module_preset=\u00bbdefault\u00bb global_colors_info=\u00bb{}\u00bb]<\/p>\n<h3><strong>Tendencias de Enfermer\u00eda<\/strong><\/h3>\n<p><strong>Revista cient\u00edfica de enfermer\u00eda y disciplinas afines<\/strong><\/p>\n<p><a href=\"https:\/\/sociedadcientificasanitaria.org\/tendencias-de-enfermeria\/volumen-1-numero-2-julio-agosto-2025\/\"><strong> Volumen 1, N\u00famero 2 Julio-Agosto 2025<\/strong><\/a><\/p>\n<p>&nbsp;<\/p>\n<p>[\/et_pb_text][\/et_pb_column][et_pb_column type=\u00bb1_2&#8243; _builder_version=\u00bb4.25.2&#8243; _module_preset=\u00bbdefault\u00bb global_colors_info=\u00bb{}\u00bb][et_pb_image src=\u00bbhttps:\/\/sociedadcientificasanitaria.org\/tendencias-de-enfermeria\/wp-content\/uploads\/2025\/05\/volumen-1-numero-1-mayo-junio-2025.png\u00bb alt=\u00bbTendencias de Enfermer\u00eda Revista cient\u00edfica de enfermer\u00eda y disciplinas afines Volumen 1, N\u00famero 1 Marzo-Abril 2025&#8243; title_text=\u00bbvolumen-1-numero-1-mayo-junio-2025&#8243; url=\u00bbhttps:\/\/sociedadcientificasanitaria.org\/tendencias-de-enfermeria\/volumen-1-numero-1-mayo-junio-2025\/\u00bb _builder_version=\u00bb4.25.2&#8243; _module_preset=\u00bbdefault\u00bb global_colors_info=\u00bb{}\u00bb][\/et_pb_image][et_pb_text _builder_version=\u00bb4.25.2&#8243; _module_preset=\u00bbdefault\u00bb global_colors_info=\u00bb{}\u00bb]<\/p>\n<h3><strong>Tendencias de Enfermer\u00eda<\/strong><\/h3>\n<p><strong>Revista cient\u00edfica de enfermer\u00eda y disciplinas afines<\/strong><\/p>\n<p><strong><a href=\"https:\/\/sociedadcientificasanitaria.org\/tendencias-de-enfermeria\/volumen-1-numero-1-mayo-junio-2025\/\"> Volumen 1, N\u00famero 1 Mayo-Junio 2025 \u00a0 \u00a0<\/a> \u00a0\u00a0<\/strong><\/p>\n<p>&nbsp;<\/p>\n<p>[\/et_pb_text][\/et_pb_column][\/et_pb_row][et_pb_row _builder_version=\u00bb4.25.2&#8243; _module_preset=\u00bbdefault\u00bb global_colors_info=\u00bb{}\u00bb][et_pb_column type=\u00bb4_4&#8243; _builder_version=\u00bb4.25.2&#8243; _module_preset=\u00bbdefault\u00bb global_colors_info=\u00bb{}\u00bb][et_pb_divider color=\u00bb#408910&#8243; divider_weight=\u00bb5px\u00bb _builder_version=\u00bb4.25.2&#8243; _module_preset=\u00bbdefault\u00bb global_colors_info=\u00bb{}\u00bb][\/et_pb_divider][\/et_pb_column][\/et_pb_row][et_pb_row _builder_version=\u00bb4.25.2&#8243; _module_preset=\u00bbdefault\u00bb custom_padding=\u00bb||67px|||\u00bb global_colors_info=\u00bb{}\u00bb][et_pb_column type=\u00bb4_4&#8243; _builder_version=\u00bb4.25.2&#8243; _module_preset=\u00bbdefault\u00bb global_colors_info=\u00bb{}\u00bb][et_pb_text _builder_version=\u00bb4.25.2&#8243; _module_preset=\u00bbdefault\u00bb header_3_font=\u00bb|600|||||||\u00bb header_3_text_color=\u00bb#000000&#8243; header_3_font_size=\u00bb28px\u00bb global_colors_info=\u00bb{}\u00bb]<\/p>\n<h3>Art\u00edculos Destacados<\/h3>\n<p>[\/et_pb_text][et_pb_blog include_categories=\u00bb7&#8243; show_thumbnail=\u00bboff\u00bb show_author=\u00bboff\u00bb show_date=\u00bboff\u00bb show_categories=\u00bboff\u00bb show_pagination=\u00bboff\u00bb _builder_version=\u00bb4.25.2&#8243; _module_preset=\u00bbdefault\u00bb global_colors_info=\u00bb{}\u00bb][\/et_pb_blog][\/et_pb_column][\/et_pb_row][et_pb_row _builder_version=\u00bb4.25.2&#8243; _module_preset=\u00bbdefault\u00bb global_colors_info=\u00bb{}\u00bb][et_pb_column type=\u00bb4_4&#8243; _builder_version=\u00bb4.25.2&#8243; _module_preset=\u00bbdefault\u00bb global_colors_info=\u00bb{}\u00bb][et_pb_divider color=\u00bb#408910&#8243; divider_weight=\u00bb5px\u00bb _builder_version=\u00bb4.25.2&#8243; _module_preset=\u00bbdefault\u00bb global_colors_info=\u00bb{}\u00bb][\/et_pb_divider][\/et_pb_column][\/et_pb_row][et_pb_row _builder_version=\u00bb4.25.2&#8243; _module_preset=\u00bbdefault\u00bb custom_padding=\u00bb||39px|||\u00bb global_colors_info=\u00bb{}\u00bb][et_pb_column type=\u00bb4_4&#8243; _builder_version=\u00bb4.25.2&#8243; _module_preset=\u00bbdefault\u00bb global_colors_info=\u00bb{}\u00bb][et_pb_text _builder_version=\u00bb4.25.2&#8243; _module_preset=\u00bbdefault\u00bb header_3_font=\u00bb|600|||||||\u00bb header_3_text_color=\u00bb#000000&#8243; header_3_font_size=\u00bb28px\u00bb global_colors_info=\u00bb{}\u00bb]<\/p>\n<h3>Ahead of print<\/h3>\n<p>[\/et_pb_text][et_pb_blog posts_number=\u00bb4&#8243; include_categories=\u00bb12&#8243; show_author=\u00bboff\u00bb show_date=\u00bboff\u00bb show_categories=\u00bboff\u00bb show_pagination=\u00bboff\u00bb _builder_version=\u00bb4.25.2&#8243; _module_preset=\u00bbdefault\u00bb global_colors_info=\u00bb{}\u00bb][\/et_pb_blog][\/et_pb_column][\/et_pb_row][\/et_pb_section]<\/p>\n","protected":false},"excerpt":{"rendered":"<p>Tendencias de Enfermer\u00edae-ISSN:\u00a03045-9176 DOI: 10.56533\/HFGZ2280 https:\/\/doi.org\/10.56533\/HFGZ2280 &nbsp;Tendencias de Enfermer\u00eda es una revista cient\u00edfica de enfermer\u00eda cuya misi\u00f3n es servir de instrumento de comunicaci\u00f3n de la actividad de los profesionales de esta disciplina, incluidos los t\u00e9cnicos en cuidados auxiliares de enfermer\u00eda, en los campos de la investigaci\u00f3n, los cuidados, la asistencia, la gesti\u00f3n y la docencia. [&hellip;]<\/p>\n","protected":false},"author":1,"featured_media":0,"parent":0,"menu_order":0,"comment_status":"closed","ping_status":"closed","template":"","meta":{"_et_pb_use_builder":"on","_et_pb_old_content":"","_et_gb_content_width":"","footnotes":""},"class_list":["post-15","page","type-page","status-publish","hentry"],"_links":{"self":[{"href":"https:\/\/sociedadcientificasanitaria.org\/tendencias-de-enfermeria\/wp-json\/wp\/v2\/pages\/15","targetHints":{"allow":["GET"]}}],"collection":[{"href":"https:\/\/sociedadcientificasanitaria.org\/tendencias-de-enfermeria\/wp-json\/wp\/v2\/pages"}],"about":[{"href":"https:\/\/sociedadcientificasanitaria.org\/tendencias-de-enfermeria\/wp-json\/wp\/v2\/types\/page"}],"author":[{"embeddable":true,"href":"https:\/\/sociedadcientificasanitaria.org\/tendencias-de-enfermeria\/wp-json\/wp\/v2\/users\/1"}],"replies":[{"embeddable":true,"href":"https:\/\/sociedadcientificasanitaria.org\/tendencias-de-enfermeria\/wp-json\/wp\/v2\/comments?post=15"}],"version-history":[{"count":27,"href":"https:\/\/sociedadcientificasanitaria.org\/tendencias-de-enfermeria\/wp-json\/wp\/v2\/pages\/15\/revisions"}],"predecessor-version":[{"id":794,"href":"https:\/\/sociedadcientificasanitaria.org\/tendencias-de-enfermeria\/wp-json\/wp\/v2\/pages\/15\/revisions\/794"}],"wp:attachment":[{"href":"https:\/\/sociedadcientificasanitaria.org\/tendencias-de-enfermeria\/wp-json\/wp\/v2\/media?parent=15"}],"curies":[{"name":"wp","href":"https:\/\/api.w.org\/{rel}","templated":true}]}}